{"id":814,"date":"2026-03-09T18:27:06","date_gmt":"2026-03-09T18:27:06","guid":{"rendered":"https:\/\/wefinancial.ca\/informations-sur-les-frais\/"},"modified":"2026-04-08T15:34:32","modified_gmt":"2026-04-08T15:34:32","slug":"informations-sur-les-frais","status":"publish","type":"page","link":"https:\/\/wefinancial.ca\/fr\/mastercard\/informations-sur-les-frais\/","title":{"rendered":"Informations sur les frais"},"content":{"rendered":"\n<div class=\"intro-ps-header-image-and-tagline wp-block-cover alignfull is-light\" style=\"border-top-color:var(--wp--preset--color--fg-alt);border-top-width:5px;border-bottom-color:var(--wp--preset--color--accent);border-bottom-width:6px;margin-bottom:var(--wp--preset--spacing--60);min-height:400px;aspect-ratio:unset;\"><span aria-hidden=\"true\" class=\"wp-block-cover__background has-background-dim-0 has-background-dim\" style=\"background-color:#FFF\"><\/span><img loading=\"lazy\" decoding=\"async\" width=\"1024\" height=\"267\" src=\"https:\/\/wefinancial.ca\/wp-content\/uploads\/2026\/03\/we-hero-northern-tundra-1920-550-1024x267.jpg\" class=\"wp-block-cover__image-background wp-post-image\" alt=\"\" data-object-fit=\"cover\" srcset=\"https:\/\/wefinancial.ca\/wp-content\/uploads\/2026\/03\/we-hero-northern-tundra-1920-550-1024x267.jpg 1024w, https:\/\/wefinancial.ca\/wp-content\/uploads\/2026\/03\/we-hero-northern-tundra-1920-550-300x78.jpg 300w, https:\/\/wefinancial.ca\/wp-content\/uploads\/2026\/03\/we-hero-northern-tundra-1920-550-768x200.jpg 768w, https:\/\/wefinancial.ca\/wp-content\/uploads\/2026\/03\/we-hero-northern-tundra-1920-550-1536x400.jpg 1536w, https:\/\/wefinancial.ca\/wp-content\/uploads\/2026\/03\/we-hero-northern-tundra-1920-550.jpg 1920w\" sizes=\"auto, (max-width: 1024px) 100vw, 1024px\" \/><div class=\"wp-block-cover__inner-container has-global-padding is-layout-constrained wp-block-cover-is-layout-constrained\">\n<div class=\"wp-block-columns alignwide is-not-stacked-on-mobile has-columns--small is-layout-flex wp-container-core-columns-is-layout-1a2ddb66 wp-block-columns-is-layout-flex\" style=\"padding-right:var(--wp--preset--spacing--30);padding-left:var(--wp--preset--spacing--30)\">\n<div class=\"wp-block-column is-vertically-aligned-center intro-mobile-column-order-1 is-layout-flow wp-block-column-is-layout-flow\" style=\"flex-basis:66.66%\">\n<p class=\"has-bg-alt-color has-text-color has-link-color has-secondary-font-family has-xxxlarge-font-size wp-elements-09d1d2125e15067f24456d2cd1397cc9\" style=\"font-style:normal;font-weight:800\">D\u00e9couvrez-en plus<\/p>\n<\/div>\n\n\n\n<div class=\"wp-block-column intro-mobile-column-order-2 is-layout-flow wp-block-column-is-layout-flow\" style=\"flex-basis:33.33%\">\n<figure class=\"wp-block-image size-large has-custom-border\"><img loading=\"lazy\" decoding=\"async\" width=\"1024\" height=\"645\" src=\"https:\/\/wefinancial.ca\/wp-content\/uploads\/2026\/03\/We-Financial-Prepaid-Mastercard-1024x645.png\" alt=\"Example WeFinancial Mastercard\" class=\"wp-image-58\" style=\"border-top-left-radius:15px;border-top-right-radius:15px;border-bottom-left-radius:15px;border-bottom-right-radius:15px;box-shadow:var(--wp--preset--shadow--shadow-1)\" srcset=\"https:\/\/wefinancial.ca\/wp-content\/uploads\/2026\/03\/We-Financial-Prepaid-Mastercard-1024x645.png 1024w, https:\/\/wefinancial.ca\/wp-content\/uploads\/2026\/03\/We-Financial-Prepaid-Mastercard-300x189.png 300w, https:\/\/wefinancial.ca\/wp-content\/uploads\/2026\/03\/We-Financial-Prepaid-Mastercard-768x484.png 768w, https:\/\/wefinancial.ca\/wp-content\/uploads\/2026\/03\/We-Financial-Prepaid-Mastercard.png 1280w\" sizes=\"auto, (max-width: 1024px) 100vw, 1024px\" \/><\/figure>\n<\/div>\n<\/div>\n<\/div><\/div>\n\n\n\n\n\n\n\n\n\n\n\n\n\n\n\n\n\n\n\n\n\n\n\n\n\n\n\n\n\n\n\n\n\n\n\n\n\n\n\n\n\n\n\n\n\n\n\n\n\n\n\n\n\n\n\n\n\n\n\n\n\n\n\n\n\n\n\n\n\n\n\n\n\n\n\n\n\n\n\n\n\n\n\n\n\n\n\n\n\n\n\n\n\n\n\n\n\n\n\n\n\n\n\n\n\n\n\n\n\n\n\n\n\n\n\n\n\n\n\n\n\n\n\n\n\n\n\n\n\n\n\n\n\n\n\n\n\n\n\n\n\n\n\n\n\n\n\n\n\n\n\n\n\n\n\n\n\n\n\n\n\n\n\n\n\n\n\n\n\n\n\n\n\n\n\n\n\n\n\n\n\n\n\n\n\n\n\n\n\n\n\n\n\n\n\n\n\n\n\n\n\n\n\n\n\n\n\n\n\n\n\n<h1 class=\"wp-block-post-title\">Informations sur les frais<\/h1>\n\n\n<h2 class=\"wp-block-heading\">Frais et limites<\/h2>\n\n\n\n<p class=\"\"><strong>Frais : <\/strong>Le tableau suivant pr\u00e9sente les frais qui pourraient \u00eatre exig\u00e9s relativement \u00e0 la Carte. Vous reconnaissez avoir pris connaissance de ces frais et vous acceptez de payer tous les frais factur\u00e9s aux termes du pr\u00e9sent Contrat.<\/p>\n\n\n\n<figure class=\"wp-block-table\"><table class=\"has-border-color\" style=\"border-color:#b9b9b9;border-width:1px\"><thead><tr><th class=\"has-text-align-left\" data-align=\"left\"><strong>Tableau des frais<\/strong><sup>4<\/sup><\/th><th class=\"has-text-align-right\" data-align=\"right\"><\/th><\/tr><\/thead><tbody><tr><td class=\"has-text-align-left\" data-align=\"left\">Inscription initiale (Nouvelle carte)<\/td><td class=\"has-text-align-right\" data-align=\"right\">GRATUIT<\/td><\/tr><tr><td class=\"has-text-align-left\" data-align=\"left\">Frais d\u2019administration de carte<sup>5<\/sup>&nbsp;(D\u00e9duits le premier jour de chaque mois)<\/td><td class=\"has-text-align-right\" data-align=\"right\">4,95 $<\/td><\/tr><tr><td class=\"has-text-align-left\" data-align=\"left\"><\/td><td class=\"has-text-align-right\" data-align=\"right\"><\/td><\/tr><tr><td class=\"has-text-align-left\" data-align=\"left\">Chargement de fonds :<\/td><td class=\"has-text-align-right\" data-align=\"right\"><\/td><\/tr><tr><td class=\"has-text-align-left\" data-align=\"left\">&#8211; D\u00e9p\u00f4t direct<\/td><td class=\"has-text-align-right\" data-align=\"right\">GRATUIT<\/td><\/tr><tr><td class=\"has-text-align-left\" data-align=\"left\">&#8211; R\u00e9ception de fonds par Virement Interac<sup>MD<\/sup> <sup>8<\/sup><\/td><td class=\"has-text-align-right\" data-align=\"right\">GRATUIT<\/td><\/tr><tr><td class=\"has-text-align-left\" data-align=\"left\">&#8211; Ajout de fonds (dans une succursale)<\/td><td class=\"has-text-align-right\" data-align=\"right\">3,00 $<\/td><\/tr><tr><td class=\"has-text-align-left\" data-align=\"left\"><\/td><td class=\"has-text-align-right\" data-align=\"right\"><\/td><\/tr><tr><td class=\"has-text-align-left\" data-align=\"left\">PayDirect<sup>MD<\/sup> :<\/td><td class=\"has-text-align-right\" data-align=\"right\"><\/td><\/tr><tr><td class=\"has-text-align-left\" data-align=\"left\">&#8211; Virement Interac<sup>MD<\/sup> <sup>8<\/sup><\/td><td class=\"has-text-align-right\" data-align=\"right\">1,50 $<\/td><\/tr><tr><td class=\"has-text-align-left\" data-align=\"left\">&#8211; Paiement&nbsp;de&nbsp;facture<sup>8<\/sup><\/td><td class=\"has-text-align-right\" data-align=\"right\">3,00 $<\/td><\/tr><tr><td class=\"has-text-align-left\" data-align=\"left\">&#8211; Transfert&nbsp;d\u2019une&nbsp;carte&nbsp;\u00e0&nbsp;une&nbsp;autre<\/td><td class=\"has-text-align-right\" data-align=\"right\">1,50 $<\/td><\/tr><tr><td class=\"has-text-align-left\" data-align=\"left\"><\/td><td class=\"has-text-align-right\" data-align=\"right\"><\/td><\/tr><tr><td class=\"has-text-align-left\" data-align=\"left\">Transfert d\u2019une carte \u00e0 une autre (dans une succursale)<sup>6<\/sup><\/td><td class=\"has-text-align-right\" data-align=\"right\">3,00 $<\/td><\/tr><tr><td class=\"has-text-align-left\" data-align=\"left\">Frais de change<\/td><td class=\"has-text-align-right\" data-align=\"right\">2,50%<\/td><\/tr><tr><td class=\"has-text-align-left\" data-align=\"left\">Retrait de fonds (Guichet automatique<sup>7<\/sup>) \u2013 Canada et \u00e0 l\u2019\u00e9tranger<\/td><td class=\"has-text-align-right\" data-align=\"right\">2,50 $<\/td><\/tr><tr><td class=\"has-text-align-left\" data-align=\"left\"><\/td><td class=\"has-text-align-right\" data-align=\"right\"><\/td><\/tr><tr><td class=\"has-text-align-left\" data-align=\"left\">Acc\u00e8s \u00e0 des renseignements relatifs \u00e0 la Carte<\/td><td class=\"has-text-align-right\" data-align=\"right\"><\/td><\/tr><tr><td class=\"has-text-align-left\" data-align=\"left\">&#8211; Alertes par courriel ou message texte (les taux habituels d\u2019envoi de messages textes pourraient s\u2019appliquer)<\/td><td class=\"has-text-align-right\" data-align=\"right\">GRATUIT<\/td><\/tr><tr><td class=\"has-text-align-left\" data-align=\"left\">&#8211; Site Web<\/td><td class=\"has-text-align-right\" data-align=\"right\">GRATUIT<\/td><\/tr><tr><td class=\"has-text-align-left\" data-align=\"left\">&#8211; Syst\u00e8me de r\u00e9ponse vocale interactif (RVI)<\/td><td class=\"has-text-align-right\" data-align=\"right\">1,00 $<\/td><\/tr><tr><td class=\"has-text-align-left\" data-align=\"left\">&#8211; Communication avec un repr\u00e9sentant (par t\u00e9l\u00e9phone)<\/td><td class=\"has-text-align-right\" data-align=\"right\">2,50 $<\/td><\/tr><tr><td class=\"has-text-align-left\" data-align=\"left\"><\/td><td class=\"has-text-align-right\" data-align=\"right\"><\/td><\/tr><tr><td class=\"has-text-align-left\" data-align=\"left\">Remplacement de carte (perdue ou vol\u00e9e) \/ carte suppl\u00e9mentaire<\/td><td class=\"has-text-align-right\" data-align=\"right\">20,00 $<\/td><\/tr><\/tbody><\/table><\/figure>\n\n\n\n<p class=\"\"><sup>4<\/sup> Sous r\u00e9serve de modifications. Veuillez vous reporter aux modalit\u00e9s et aux conditions indiqu\u00e9es ci dessous pour en savoir davantage.<\/p>\n\n\n\n<p class=\"\"><sup>5<\/sup> Les frais d\u2019administration de carte ne sont pas factur\u00e9s dans les provinces de Terre-Neuve-et-Labrador et de la Saskatchewan.<\/p>\n\n\n\n<p class=\"\"><sup>6<\/sup> Les frais seront pris en charge par le destinataire du transfert.<\/p>\n\n\n\n<p class=\"\"><sup>7<\/sup> Des frais suppl\u00e9mentaires ind\u00e9pendants de notre volont\u00e9 pourraient \u00eatre factur\u00e9s pour l\u2019utilisation d\u2019un Guichet automatique par son exploitant.<\/p>\n\n\n\n<p class=\"\"><sup>8<\/sup> En vigueur \u00e0 compter du 1er septembre 2026.<\/p>\n\n\n\n<figure class=\"wp-block-table\"><table class=\"has-border-color has-fg-border-color\" style=\"border-width:1px\"><thead><tr><th><strong>Limites<\/strong><\/th><th class=\"has-text-align-right\" data-align=\"right\"><\/th><th class=\"has-text-align-right\" data-align=\"right\"><strong>Norme<\/strong><\/th><th class=\"has-text-align-right\" data-align=\"right\"><strong>Exception<sup>3<\/sup><\/strong><\/th><\/tr><\/thead><tbody><tr><td>Solde maximal du Compte de carte<\/td><td class=\"has-text-align-right\" data-align=\"right\"><\/td><td class=\"has-text-align-right\" data-align=\"right\">20&nbsp;000,00&nbsp;$<\/td><td class=\"has-text-align-right\" data-align=\"right\">200&nbsp;000,00&nbsp;$<\/td><\/tr><tr><td>Montant de chargement minimal du Compte de carte<\/td><td class=\"has-text-align-right\" data-align=\"right\"><\/td><td class=\"has-text-align-right\" data-align=\"right\">25,00 $<\/td><td class=\"has-text-align-right\" data-align=\"right\">25,00 $<\/td><\/tr><tr><td>Montant de chargement quotidien global maximal du Compte de carte<\/td><td class=\"has-text-align-right\" data-align=\"right\">En esp\u00e8ces<\/td><td class=\"has-text-align-right\" data-align=\"right\">2 500,00 $<\/td><td class=\"has-text-align-right\" data-align=\"right\">2 500,00 $<\/td><\/tr><tr><td><\/td><td class=\"has-text-align-right\" data-align=\"right\">Ch\u00e8que<\/td><td class=\"has-text-align-right\" data-align=\"right\">10 000,00 $<\/td><td class=\"has-text-align-right\" data-align=\"right\">200&nbsp;000,00&nbsp;$<\/td><\/tr><tr><td>Montant de chargement global maximal du Compte de carte par jour<\/td><td class=\"has-text-align-right\" data-align=\"right\"><\/td><td class=\"has-text-align-right\" data-align=\"right\">10 000,00 $<\/td><td class=\"has-text-align-right\" data-align=\"right\">200 000,00 $<\/td><\/tr><tr><td>Montant de chargement global maximal du Compte de carte par tranche de 7 jours<\/td><td class=\"has-text-align-right\" data-align=\"right\"><\/td><td class=\"has-text-align-right\" data-align=\"right\">20 000,00 $<\/td><td class=\"has-text-align-right\" data-align=\"right\">200 000,00 $<\/td><\/tr><tr><td>Montant maximal d\u2019une op\u00e9ration de transfert d\u2019une carte \u00e0 une autre<\/td><td class=\"has-text-align-right\" data-align=\"right\"><\/td><td class=\"has-text-align-right\" data-align=\"right\">10 000,00 $<\/td><td class=\"has-text-align-right\" data-align=\"right\">20 000,00 $<\/td><\/tr><tr><td>Montant maximal d\u2019un envoi de fonds par Virement Interac<sup>MD<\/sup>&nbsp;par op\u00e9ration par jour<sup>8<\/sup><\/td><td class=\"has-text-align-right\" data-align=\"right\"><\/td><td class=\"has-text-align-right\" data-align=\"right\">500,00 $<\/td><td class=\"has-text-align-right\" data-align=\"right\">1 000,00 $<\/td><\/tr><tr><td>Montant maximal des achats quotidiens effectu\u00e9s \u00e0 un point de vente pour le Compte de carte<\/td><td class=\"has-text-align-right\" data-align=\"right\"><\/td><td class=\"has-text-align-right\" data-align=\"right\">10 000,00 $<\/td><td class=\"has-text-align-right\" data-align=\"right\">25 000,00 $<\/td><\/tr><tr><td>Montant maximal des retraits quotidiens effectu\u00e9s \u00e0 un Guichet automatique pour le Compte de carte<\/td><td class=\"has-text-align-right\" data-align=\"right\"><\/td><td class=\"has-text-align-right\" data-align=\"right\">1 500,00 $<\/td><td class=\"has-text-align-right\" data-align=\"right\">2 500,00 $<\/td><\/tr><tr><td>Montant global maximal des achats et des retraits quotidiens pour le Compte de carte<\/td><td class=\"has-text-align-right\" data-align=\"right\"><\/td><td class=\"has-text-align-right\" data-align=\"right\">11 500,00 $<\/td><td class=\"has-text-align-right\" data-align=\"right\">27 500,00 $<\/td><\/tr><\/tbody><\/table><\/figure>\n\n\n\n<p class=\"\"><sup>3<\/sup> Nous nous r\u00e9servons le droit d\u2019autoriser ces limites dans certaines circonstances, au cas par cas, apr\u00e8s validation par We Financial de la provenance des fonds d\u00e9pos\u00e9s qui d\u00e9passent la limite standard. Des conditions suppl\u00e9mentaires pourraient s\u2019appliquer.<\/p>\n\n\n\n<p class=\"\">Veuillez \u00e9galement noter ce qui suit : la Carte peut \u00eatre d\u00e9sactiv\u00e9e \u00e0 tout moment en cas de soup\u00e7on de fraude li\u00e9e \u00e0 la Carte ou \u00e0 son utilisation.<\/p>\n\n\n\n<p class=\"has-custom-1-font-size\">La carte We Financial pr\u00e9pay\u00e9e Mastercard est \u00e9mise par la Compagnie de Fiducie Peoples sous licence de Mastercard International Incorporated. Les fonds vers\u00e9s sur la carte sont d\u00e9tenus par l\u2019\u00e9metteur, \u00e0 savoir Compagnie de Fiducie Peoples, institution membre de la SADC, et sont admissibles \u00e0 la couverture o\u00aderte par la SADC. We Financial n\u2019est pas member de la SADC. Les fonds vers\u00e9s sur la carte sont combin\u00e9s avec les d\u00e9p\u00f4ts admissibles d\u00e9tenus par Compagnie de Fiducie Peoples pour une protection des d\u00e9p\u00f4ts maximale de 100 000 $, par cat\u00e9gorie assur\u00e9e, par d\u00e9posant. Pour en savoir plus sur l\u2019assurance-d\u00e9p\u00f4ts, veuillez consulter le site Web de la SADC \u00e0 sadc.ca.<\/p>\n\n\n\n<p class=\"\">Mastercard est une marque d\u00e9pos\u00e9e, et le dessin form\u00e9 de deux cercles imbriqu\u00e9s est une marque de commerce de Mastercard International Incorporated.<\/p>\n\n\n\n<p class=\"\">We Financial<sup>MD<\/sup> et WeGo<sup>MD<\/sup>&nbsp; sont des marques de commerce de The North West Company LP.<\/p>\n\n\n\n<p class=\"\"><sup>MD<\/sup>Marque d\u00e9pos\u00e9e d&rsquo;Interac Corp. Utilis\u00e9e sous licence.<\/p>\n","protected":false},"excerpt":{"rendered":"<p>Frais et limites Frais : Le tableau suivant pr\u00e9sente les frais qui pourraient \u00eatre exig\u00e9s relativement \u00e0 la Carte. Vous reconnaissez avoir pris connaissance de ces frais et vous acceptez de payer tous les frais factur\u00e9s aux termes du pr\u00e9sent Contrat. Tableau des frais4 Inscription initiale (Nouvelle carte) GRATUIT Frais d\u2019administration de carte5&nbsp;(D\u00e9duits le premier [&hellip;]<\/p>\n","protected":false},"author":1,"featured_media":815,"parent":832,"menu_order":0,"comment_status":"closed","ping_status":"closed","template":"","meta":{"footnotes":"[]"},"class_list":["post-814","page","type-page","status-publish","has-post-thumbnail","hentry"],"_links":{"self":[{"href":"https:\/\/wefinancial.ca\/fr\/wp-json\/wp\/v2\/pages\/814","targetHints":{"allow":["GET"]}}],"collection":[{"href":"https:\/\/wefinancial.ca\/fr\/wp-json\/wp\/v2\/pages"}],"about":[{"href":"https:\/\/wefinancial.ca\/fr\/wp-json\/wp\/v2\/types\/page"}],"author":[{"embeddable":true,"href":"https:\/\/wefinancial.ca\/fr\/wp-json\/wp\/v2\/users\/1"}],"replies":[{"embeddable":true,"href":"https:\/\/wefinancial.ca\/fr\/wp-json\/wp\/v2\/comments?post=814"}],"version-history":[{"count":5,"href":"https:\/\/wefinancial.ca\/fr\/wp-json\/wp\/v2\/pages\/814\/revisions"}],"predecessor-version":[{"id":1168,"href":"https:\/\/wefinancial.ca\/fr\/wp-json\/wp\/v2\/pages\/814\/revisions\/1168"}],"up":[{"embeddable":true,"href":"https:\/\/wefinancial.ca\/fr\/wp-json\/wp\/v2\/pages\/832"}],"wp:featuredmedia":[{"embeddable":true,"href":"https:\/\/wefinancial.ca\/fr\/wp-json\/wp\/v2\/media\/815"}],"wp:attachment":[{"href":"https:\/\/wefinancial.ca\/fr\/wp-json\/wp\/v2\/media?parent=814"}],"curies":[{"name":"wp","href":"https:\/\/api.w.org\/{rel}","templated":true}]}}