{"id":832,"date":"2026-03-09T20:23:14","date_gmt":"2026-03-09T20:23:14","guid":{"rendered":"https:\/\/wefinancial.ca\/mastercard\/"},"modified":"2026-04-09T17:10:18","modified_gmt":"2026-04-09T17:10:18","slug":"mastercard","status":"publish","type":"page","link":"https:\/\/wefinancial.ca\/fr\/mastercard\/","title":{"rendered":"Carte Mastercard pr\u00e9pay\u00e9e"},"content":{"rendered":"\n<div class=\"intro-ps-header-image-and-tagline wp-block-cover alignfull is-light\" style=\"border-top-color:var(--wp--preset--color--fg-alt);border-top-width:5px;border-bottom-color:var(--wp--preset--color--accent);border-bottom-width:6px;margin-bottom:var(--wp--preset--spacing--60);min-height:400px;aspect-ratio:unset;\"><span aria-hidden=\"true\" class=\"wp-block-cover__background has-background-dim-0 has-background-dim\" style=\"background-color:#FFF\"><\/span><img loading=\"lazy\" decoding=\"async\" width=\"1024\" height=\"267\" src=\"https:\/\/wefinancial.ca\/wp-content\/uploads\/2026\/03\/we-hero-winter-northern-lights-1920x550-1-1024x267.jpg\" class=\"wp-block-cover__image-background wp-post-image\" alt=\"\" data-object-fit=\"cover\" srcset=\"https:\/\/wefinancial.ca\/wp-content\/uploads\/2026\/03\/we-hero-winter-northern-lights-1920x550-1-1024x267.jpg 1024w, https:\/\/wefinancial.ca\/wp-content\/uploads\/2026\/03\/we-hero-winter-northern-lights-1920x550-1-300x78.jpg 300w, https:\/\/wefinancial.ca\/wp-content\/uploads\/2026\/03\/we-hero-winter-northern-lights-1920x550-1-768x200.jpg 768w, https:\/\/wefinancial.ca\/wp-content\/uploads\/2026\/03\/we-hero-winter-northern-lights-1920x550-1-1536x400.jpg 1536w, https:\/\/wefinancial.ca\/wp-content\/uploads\/2026\/03\/we-hero-winter-northern-lights-1920x550-1.jpg 1920w\" sizes=\"auto, (max-width: 1024px) 100vw, 1024px\" \/><div class=\"wp-block-cover__inner-container has-global-padding is-layout-constrained wp-block-cover-is-layout-constrained\">\n<div class=\"wp-block-columns alignwide is-not-stacked-on-mobile has-columns--small is-layout-flex wp-container-core-columns-is-layout-1a2ddb66 wp-block-columns-is-layout-flex\" style=\"padding-right:var(--wp--preset--spacing--30);padding-left:var(--wp--preset--spacing--30)\">\n<div class=\"wp-block-column is-vertically-aligned-center intro-mobile-column-order-1 is-layout-flow wp-block-column-is-layout-flow\" style=\"flex-basis:66.66%\">\n<p class=\"has-bg-alt-color has-text-color has-link-color has-secondary-font-family has-xxxlarge-font-size wp-elements-09d1d2125e15067f24456d2cd1397cc9\" style=\"font-style:normal;font-weight:800\">Enrichissez vos exp\u00e9riences<\/p>\n<\/div>\n\n\n\n<div class=\"wp-block-column intro-mobile-column-order-2 is-layout-flow wp-block-column-is-layout-flow\" style=\"flex-basis:33.33%\">\n<figure class=\"wp-block-image size-large has-custom-border\"><img loading=\"lazy\" decoding=\"async\" width=\"1024\" height=\"645\" src=\"https:\/\/wefinancial.ca\/wp-content\/uploads\/2026\/03\/We-Financial-Prepaid-Mastercard-1024x645.png\" alt=\"Example WeFinancial Mastercard\" class=\"wp-image-58\" style=\"border-top-left-radius:15px;border-top-right-radius:15px;border-bottom-left-radius:15px;border-bottom-right-radius:15px;box-shadow:var(--wp--preset--shadow--shadow-1)\" srcset=\"https:\/\/wefinancial.ca\/wp-content\/uploads\/2026\/03\/We-Financial-Prepaid-Mastercard-1024x645.png 1024w, https:\/\/wefinancial.ca\/wp-content\/uploads\/2026\/03\/We-Financial-Prepaid-Mastercard-300x189.png 300w, https:\/\/wefinancial.ca\/wp-content\/uploads\/2026\/03\/We-Financial-Prepaid-Mastercard-768x484.png 768w, https:\/\/wefinancial.ca\/wp-content\/uploads\/2026\/03\/We-Financial-Prepaid-Mastercard.png 1280w\" sizes=\"auto, (max-width: 1024px) 100vw, 1024px\" \/><\/figure>\n<\/div>\n<\/div>\n<\/div><\/div>\n\n\n\n\n\n\n\n\n\n\n\n\n\n\n\n\n\n\n\n\n\n\n\n\n\n\n\n\n\n\n\n\n\n\n\n\n\n\n\n\n\n\n\n\n\n\n\n\n\n\n\n\n\n\n\n\n\n\n\n\n\n\n\n\n\n\n\n\n\n\n\n\n\n\n\n\n\n\n\n\n\n\n\n\n\n\n\n\n\n\n\n\n\n\n\n\n\n\n\n\n\n\n\n\n\n\n\n\n\n\n\n\n\n\n\n\n\n\n\n\n\n\n\n\n\n\n\n\n\n\n\n\n\n\n\n\n\n\n\n\n\n\n\n\n\n\n\n\n\n\n\n\n\n\n\n\n\n\n\n\n\n\n\n\n\n\n\n\n\n\n\n\n\n\n\n\n\n\n\n\n\n\n\n\n\n\n\n\n\n\n\n\n\n\n\n\n\n\n\n\n\n\n\n\n\n\n\n\n\n\n\n\n<div class=\"wp-block-group alignfull has-bg-alt-color has-text-color has-background has-link-color wp-elements-4aeb045f35599563f1760753ff5daadb has-global-padding is-layout-constrained wp-block-group-is-layout-constrained\" style=\"background-color:#ed2939;margin-top:-30px;padding-top:var(--wp--preset--spacing--30);padding-bottom:var(--wp--preset--spacing--30)\">\n<div class=\"wp-block-group alignwide has-bg-alt-color has-text-color has-link-color wp-elements-d7e57879a92b1a1296aae95e1af40a3c is-content-justification-center is-nowrap is-layout-flex wp-container-core-group-is-layout-23441af8 wp-block-group-is-layout-flex\">\n<p class=\"has-bg-alt-color has-text-color has-link-color has-secondary-font-family has-large-font-size wp-elements-6b7c0b633bdc5da13dac60f8a2b10948\" style=\"font-style:normal;font-weight:700\">Paiements des prestations de l\u2019ARC : Inscrivez-vous au d\u00e9p\u00f4t direct de l\u2019ARC sur votre carte.<\/p>\n\n\n\n<p class=\"has-bg-alt-color has-text-color has-link-color has-secondary-font-family has-medium-font-size wp-elements-de8de29bbd3d1210ac0cda2882df257a\"><a href=\"https:\/\/wefinancial.ca\/fr\/mastercard\/notifications\/\" data-type=\"page\" data-id=\"36\">En savoir plus \u00bb<\/a><\/p>\n<\/div>\n<\/div>\n\n\n\n<h1 class=\"wp-block-heading\">Carte Mastercard<sup>MD<\/sup> pr\u00e9pay\u00e9e<\/h1>\n\n\n\n<div class=\"wp-block-columns alignwide is-layout-flex wp-container-core-columns-is-layout-28f84493 wp-block-columns-is-layout-flex\">\n<div class=\"wp-block-column intro-mobile-column-order-1 is-layout-flow wp-block-column-is-layout-flow\">\n<figure class=\"wp-block-image size-large wp-container-content-0733e5d0\"><img loading=\"lazy\" decoding=\"async\" width=\"1024\" height=\"576\" src=\"https:\/\/wefinancial.ca\/wp-content\/uploads\/2026\/03\/vitaly-gariev-unsplash-1024x576.jpg\" alt=\"\" class=\"wp-image-106\" srcset=\"https:\/\/wefinancial.ca\/wp-content\/uploads\/2026\/03\/vitaly-gariev-unsplash-1024x576.jpg 1024w, https:\/\/wefinancial.ca\/wp-content\/uploads\/2026\/03\/vitaly-gariev-unsplash-300x169.jpg 300w, https:\/\/wefinancial.ca\/wp-content\/uploads\/2026\/03\/vitaly-gariev-unsplash-768x432.jpg 768w, https:\/\/wefinancial.ca\/wp-content\/uploads\/2026\/03\/vitaly-gariev-unsplash-1536x864.jpg 1536w, https:\/\/wefinancial.ca\/wp-content\/uploads\/2026\/03\/vitaly-gariev-unsplash-2048x1152.jpg 2048w\" sizes=\"auto, (max-width: 1024px) 100vw, 1024px\" \/><\/figure>\n<\/div>\n\n\n\n<div class=\"wp-block-column is-vertically-aligned-stretch intro-mobile-column-order-2 is-layout-flow wp-block-column-is-layout-flow\">\n<div class=\"wp-block-group wp-container-content-0733e5d0 is-vertical is-content-justification-left is-layout-flex wp-container-core-group-is-layout-c6e5b353 wp-block-group-is-layout-flex\">\n<div class=\"wp-block-group has-global-padding is-layout-constrained wp-block-group-is-layout-constrained\">\n<p class=\"has-fg-alt-color has-text-color has-link-color has-secondary-font-family has-xxlarge-font-size wp-elements-7acad2f58e3abc85c8f91f17b5aa79dd\" style=\"font-style:normal;font-weight:700\">Shop anywhere\u2028<br>Load &amp; go!<\/p>\n\n\n\n<p class=\"\">Just load your We Mastercard with funds via PayDirect or at any <a href=\"https:\/\/www.northmart.ca\/our-stores\/locator\">We Financial location<\/a>.<\/p>\n\n\n\n<p class=\"\">Go and shop anywhere Mastercard is accepted, online, in-store or over the phone.<\/p>\n<\/div>\n\n\n\n<div class=\"wp-block-buttons is-layout-flex wp-block-buttons-is-layout-flex\">\n<div class=\"wp-block-button is-style-outline is-style-outline--1\"><a class=\"wp-block-button__link wp-element-button\" href=\"https:\/\/wefinancial.enacomm.net\/web\" target=\"_blank\" rel=\"noreferrer noopener\">Activer ma carte \u00bb<\/a><\/div>\n\n\n\n<div class=\"wp-block-button\"><a class=\"wp-block-button__link wp-element-button\" href=\"https:\/\/wefinancial.enacomm.net\/web\" target=\"_blank\" rel=\"noreferrer noopener\">Ouverture de session \u00bb<\/a><\/div>\n<\/div>\n<\/div>\n<\/div>\n<\/div>\n\n\n\n<div class=\"wp-block-columns alignwide has-fg-alt-color has-text-color has-link-color has-secondary-font-family wp-elements-71f7b120e73a60a174f5436d6eacced7 is-layout-flex wp-container-core-columns-is-layout-28f84493 wp-block-columns-is-layout-flex\" style=\"font-style:normal;font-weight:600\">\n<div class=\"wp-block-column intro-mobile-column-order-1 is-layout-flow wp-block-column-is-layout-flow\" style=\"flex-basis:50%\">\n<div class=\"wp-block-columns has-columns--small is-layout-flex wp-container-core-columns-is-layout-28f84493 wp-block-columns-is-layout-flex\">\n<div class=\"wp-block-column has-border-color intro-mobile-column-order-1 is-layout-flow wp-block-column-is-layout-flow\" style=\"border-color:#00bfff;border-width:3px;border-top-left-radius:15px;border-top-right-radius:15px;border-bottom-left-radius:15px;border-bottom-right-radius:15px;padding-top:var(--wp--preset--spacing--40);padding-right:var(--wp--preset--spacing--40);padding-bottom:var(--wp--preset--spacing--40);padding-left:var(--wp--preset--spacing--40);flex-basis:50%\">\n<div class=\"wp-block-group has-global-padding is-layout-constrained wp-block-group-is-layout-constrained\">\n<p class=\"has-small-font-size\">Free for government benefits &amp; payroll<\/p>\n\n\n\n\n\n<p class=\"\"><a href=\"https:\/\/wefinancial.ca\/fr\/mastercard\/depot-direct\/\" data-type=\"page\" data-id=\"864\">D\u00e9p\u00f4t Direct<\/a> \u2013 Get your money faster in just 2 easy steps!<\/p>\n<\/div>\n\n\n\n\n\n\n\n\n\n\n\n\n\n\n\n\n\n\n\n\n\n\n\n\n\n\n\n\n\n\n\n\n\n\n\n\n\n\n\n\n\n\n\n\n\n\n\n\n\n\n\n\n\n\n\n\n\n\n\n\n\n\n\n\n\n\n\n\n\n\n\n\n\n\n\n\n\n\n\n\n\n\n\n\n\n\n\n\n\n\n\n\n\n\n\n\n\n\n\n\n\n\n\n\n\n\n\n\n\n\n\n\n\n\n\n\n\n\n\n\n\n\n\n\n\n\n\n\n\n\n\n\n\n\n\n\n\n\n\n\n\n\n\n\n\n\n\n\n\n\n\n\n\n\n\n\n\n\n\n\n\n\n\n\n\n\n\n\n\n\n\n\n\n\n\n\n\n\n\n\n\n\n\n\n\n\n\n\n\n\n\n\n\n\n\n\n\n\n\n\n\n\n\n\n\n\n\n\n\n\n\n\n\n<\/div>\n\n\n\n<div class=\"wp-block-column has-border-color intro-mobile-column-order-2 is-layout-flow wp-block-column-is-layout-flow\" style=\"border-color:#00bfff;border-width:3px;border-top-left-radius:15px;border-top-right-radius:15px;border-bottom-left-radius:15px;border-bottom-right-radius:15px;padding-top:var(--wp--preset--spacing--40);padding-right:var(--wp--preset--spacing--40);padding-bottom:var(--wp--preset--spacing--40);padding-left:var(--wp--preset--spacing--40);flex-basis:50%\">\n<div class=\"wp-block-group has-global-padding is-layout-constrained wp-block-group-is-layout-constrained\">\n<p class=\"has-small-font-size\">D\u00e9placez votre argent intelligemment<\/p>\n\n\n\n\n\n<p class=\"\"><a href=\"https:\/\/wefinancial.ca\/fr\/mastercard\/depot-direct\/\" data-type=\"page\" data-id=\"864\">D\u00e9p\u00f4t Direct<\/a> \u2013 <br>Transf\u00e9rez des fonds en toute s\u00e9curit\u00e9 en ligne \u00e0 partir de votre carte<\/p>\n<\/div>\n\n\n\n\n\n\n\n\n\n\n\n\n\n\n\n\n\n\n\n\n\n\n\n\n\n\n\n\n\n\n\n\n\n\n\n\n\n\n\n\n\n\n\n\n\n\n\n\n\n\n\n\n\n\n\n\n\n\n\n\n\n\n\n\n\n\n\n\n\n\n\n\n\n\n\n\n\n\n\n\n\n\n\n\n\n\n\n\n\n\n\n\n\n\n\n\n\n\n\n\n\n\n\n\n\n\n\n\n\n\n\n\n\n\n\n\n\n\n\n\n\n\n\n\n\n\n\n\n\n\n\n\n\n\n\n\n\n\n\n\n\n\n\n\n\n\n\n\n\n\n\n\n\n\n\n\n\n\n\n\n\n\n\n\n\n\n\n\n\n\n\n\n\n\n\n\n\n\n\n\n\n\n\n\n\n\n\n\n\n\n\n\n\n\n\n\n\n\n\n\n\n\n\n\n\n\n\n\n\n\n\n\n\n<\/div>\n<\/div>\n<\/div>\n\n\n\n<div class=\"wp-block-column intro-mobile-column-order-2 is-layout-flow wp-block-column-is-layout-flow\" style=\"flex-basis:50%\">\n<div class=\"wp-block-columns has-columns--small is-layout-flex wp-container-core-columns-is-layout-28f84493 wp-block-columns-is-layout-flex\">\n<div class=\"wp-block-column has-border-color intro-mobile-column-order-1 is-layout-flow wp-block-column-is-layout-flow\" style=\"border-color:#00bfff;border-width:3px;border-top-left-radius:15px;border-top-right-radius:15px;border-bottom-left-radius:15px;border-bottom-right-radius:15px;padding-top:var(--wp--preset--spacing--40);padding-right:var(--wp--preset--spacing--40);padding-bottom:var(--wp--preset--spacing--40);padding-left:var(--wp--preset--spacing--40);flex-basis:50%\">\n<div class=\"wp-block-group has-global-padding is-layout-constrained wp-block-group-is-layout-constrained\">\n<p class=\"has-small-font-size\">Free updates on your prepaid account<\/p>\n\n\n\n\n\n<p class=\"\">Get Email\/Text Alerts \u2013 Convenient &amp; Free!<\/p>\n<\/div>\n\n\n\n\n\n\n\n\n\n\n\n\n\n\n\n\n\n\n\n\n\n\n\n\n\n\n\n\n\n\n\n\n\n\n\n\n\n\n\n\n\n\n\n\n\n\n\n\n\n\n\n\n\n\n\n\n\n\n\n\n\n\n\n\n\n\n\n\n\n\n\n\n\n\n\n\n\n\n\n\n\n\n\n\n\n\n\n\n\n\n\n\n\n\n\n\n\n\n\n\n\n\n\n\n\n\n\n\n\n\n\n\n\n\n\n\n\n\n\n\n\n\n\n\n\n\n\n\n\n\n\n\n\n\n\n\n\n\n\n\n\n\n\n\n\n\n\n\n\n\n\n\n\n\n\n\n\n\n\n\n\n\n\n\n\n\n\n\n\n\n\n\n\n\n\n\n\n\n\n\n\n\n\n\n\n\n\n\n\n\n\n\n\n\n\n\n\n\n\n\n\n\n\n\n\n\n\n\n\n\n\n\n\n<\/div>\n\n\n\n<div class=\"wp-block-column has-border-color intro-mobile-column-order-2 is-layout-flow wp-block-column-is-layout-flow\" style=\"border-color:#00bfff;border-width:3px;border-top-left-radius:15px;border-top-right-radius:15px;border-bottom-left-radius:15px;border-bottom-right-radius:15px;padding-top:var(--wp--preset--spacing--40);padding-right:var(--wp--preset--spacing--40);padding-bottom:var(--wp--preset--spacing--40);padding-left:var(--wp--preset--spacing--40);flex-basis:50%\">\n<div class=\"wp-block-group has-global-padding is-layout-constrained wp-block-group-is-layout-constrained\">\n<p class=\"has-small-font-size\">Free to pay bills automatically<\/p>\n\n\n\n\n\n<p class=\"\">Pre-Authorized Debits \u2013 Paying your bills on time just got easier!<\/p>\n<\/div>\n\n\n\n\n\n\n\n\n\n\n\n\n\n\n\n\n\n\n\n\n\n\n\n\n\n\n\n\n\n\n\n\n\n\n\n\n\n\n\n\n\n\n\n\n\n\n\n\n\n\n\n\n\n\n\n\n\n\n\n\n\n\n\n\n\n\n\n\n\n\n\n\n\n\n\n\n\n\n\n\n\n\n\n\n\n\n\n\n\n\n\n\n\n\n\n\n\n\n\n\n\n\n\n\n\n\n\n\n\n\n\n\n\n\n\n\n\n\n\n\n\n\n\n\n\n\n\n\n\n\n\n\n\n\n\n\n\n\n\n\n\n\n\n\n\n\n\n\n\n\n\n\n\n\n\n\n\n\n\n\n\n\n\n\n\n\n\n\n\n\n\n\n\n\n\n\n\n\n\n\n\n\n\n\n\n\n\n\n\n\n\n\n\n\n\n\n\n\n\n\n\n\n\n\n\n\n\n\n\n\n\n\n\n<\/div>\n<\/div>\n<\/div>\n<\/div>\n\n\n\n<div class=\"wp-block-cover alignwide is-light\" style=\"border-top-color:var(--wp--preset--color--fg-alt);border-top-width:8px;border-bottom-color:var(--wp--preset--color--accent);border-bottom-width:8px;padding-right:var(--wp--preset--spacing--50);padding-left:var(--wp--preset--spacing--50)\"><img loading=\"lazy\" decoding=\"async\" width=\"1024\" height=\"320\" class=\"wp-block-cover__image-background wp-image-120 size-large\" alt=\"\" src=\"https:\/\/wefinancial.ca\/wp-content\/uploads\/2026\/03\/we-mobile-1280x400-1-1024x320.jpg\" data-object-fit=\"cover\" srcset=\"https:\/\/wefinancial.ca\/wp-content\/uploads\/2026\/03\/we-mobile-1280x400-1-1024x320.jpg 1024w, https:\/\/wefinancial.ca\/wp-content\/uploads\/2026\/03\/we-mobile-1280x400-1-300x94.jpg 300w, https:\/\/wefinancial.ca\/wp-content\/uploads\/2026\/03\/we-mobile-1280x400-1-768x240.jpg 768w, https:\/\/wefinancial.ca\/wp-content\/uploads\/2026\/03\/we-mobile-1280x400-1.jpg 1280w\" sizes=\"auto, (max-width: 1024px) 100vw, 1024px\" \/><span aria-hidden=\"true\" class=\"wp-block-cover__background has-background-dim-0 has-background-dim\" style=\"background-color:#9fa0a4\"><\/span><div class=\"wp-block-cover__inner-container has-global-padding is-layout-constrained wp-container-core-cover-is-layout-11c1ca01 wp-block-cover-is-layout-constrained\">\n<div class=\"wp-block-columns alignwide is-layout-flex wp-container-core-columns-is-layout-28f84493 wp-block-columns-is-layout-flex\">\n<div class=\"wp-block-column intro-mobile-column-order-1 is-layout-flow wp-block-column-is-layout-flow\" style=\"flex-basis:47%\">\n<div class=\"wp-block-group has-bg-alt-color has-fg-alt-background-color has-text-color has-background has-link-color wp-elements-3411c3584152b0d1cc95f4293b6114c2 has-global-padding is-layout-constrained wp-block-group-is-layout-constrained\">\n<h2 class=\"wp-block-heading has-text-align-left has-bg-alt-color has-text-color has-link-color has-secondary-font-family has-xxlarge-font-size wp-elements-9c76a5da0ea1c779d451dae6139f5161\" style=\"font-style:normal;font-weight:700\">WeGo\u2122 mobile.<\/h2>\n\n\n\n<p class=\"has-bg-alt-color has-text-color has-link-color has-secondary-font-family has-medium-font-size wp-elements-ddd49ab17a8579366270a28634449ac0\" style=\"font-style:normal;font-weight:600\">Track your We Mastercard*\u2028spending 24\/7.<\/p>\n<\/div>\n\n\n\n<div class=\"wp-block-group is-content-justification-center is-nowrap is-layout-flex wp-container-core-group-is-layout-23441af8 wp-block-group-is-layout-flex\">\n<figure class=\"wp-block-image size-full\"><img loading=\"lazy\" decoding=\"async\" width=\"212\" height=\"67\" src=\"https:\/\/wefinancial.ca\/wp-content\/uploads\/2026\/04\/Download_on_the_App_Store_Badge_FR_RGB_blk_100517.png\" alt=\"T\u00e9l\u00e9charger dans l'Apple Store\" class=\"wp-image-1224\"\/><\/figure>\n\n\n\n<figure class=\"wp-block-image size-full\"><img loading=\"lazy\" decoding=\"async\" width=\"222\" height=\"67\" src=\"https:\/\/wefinancial.ca\/wp-content\/uploads\/2026\/04\/GetItOnGooglePlay_Badge_Web_color_French-CA.png\" alt=\"L'obtenir sur Google Play\" class=\"wp-image-1225\"\/><\/figure>\n<\/div>\n<\/div>\n\n\n\n<div class=\"wp-block-column intro-mobile-column-order-2 is-layout-flow wp-block-column-is-layout-flow\"><\/div>\n<\/div>\n<\/div><\/div>\n","protected":false},"excerpt":{"rendered":"<p>Paiements des prestations de l\u2019ARC : Inscrivez-vous au d\u00e9p\u00f4t direct de l\u2019ARC sur votre carte. En savoir plus \u00bb Carte MastercardMD pr\u00e9pay\u00e9e Shop anywhere\u2028Load &amp; go! Just load your We Mastercard with funds via PayDirect or at any We Financial location. Go and shop anywhere Mastercard is accepted, online, in-store or over the phone.<\/p>\n","protected":false},"author":1,"featured_media":796,"parent":0,"menu_order":0,"comment_status":"closed","ping_status":"closed","template":"","meta":{"footnotes":""},"class_list":["post-832","page","type-page","status-publish","has-post-thumbnail","hentry"],"_links":{"self":[{"href":"https:\/\/wefinancial.ca\/fr\/wp-json\/wp\/v2\/pages\/832","targetHints":{"allow":["GET"]}}],"collection":[{"href":"https:\/\/wefinancial.ca\/fr\/wp-json\/wp\/v2\/pages"}],"about":[{"href":"https:\/\/wefinancial.ca\/fr\/wp-json\/wp\/v2\/types\/page"}],"author":[{"embeddable":true,"href":"https:\/\/wefinancial.ca\/fr\/wp-json\/wp\/v2\/users\/1"}],"replies":[{"embeddable":true,"href":"https:\/\/wefinancial.ca\/fr\/wp-json\/wp\/v2\/comments?post=832"}],"version-history":[{"count":12,"href":"https:\/\/wefinancial.ca\/fr\/wp-json\/wp\/v2\/pages\/832\/revisions"}],"predecessor-version":[{"id":1226,"href":"https:\/\/wefinancial.ca\/fr\/wp-json\/wp\/v2\/pages\/832\/revisions\/1226"}],"wp:featuredmedia":[{"embeddable":true,"href":"https:\/\/wefinancial.ca\/fr\/wp-json\/wp\/v2\/media\/796"}],"wp:attachment":[{"href":"https:\/\/wefinancial.ca\/fr\/wp-json\/wp\/v2\/media?parent=832"}],"curies":[{"name":"wp","href":"https:\/\/api.w.org\/{rel}","templated":true}]}}