{"id":840,"date":"2026-03-09T18:26:57","date_gmt":"2026-03-09T18:26:57","guid":{"rendered":"https:\/\/wefinancial.ca\/mastercard\/notifications\/"},"modified":"2026-04-08T20:52:05","modified_gmt":"2026-04-08T20:52:05","slug":"notifications","status":"publish","type":"page","link":"https:\/\/wefinancial.ca\/fr\/mastercard\/notifications\/","title":{"rendered":"Notifications"},"content":{"rendered":"\n<div class=\"intro-ps-header-image-and-tagline wp-block-cover alignfull is-light\" style=\"border-top-color:var(--wp--preset--color--fg-alt);border-top-width:5px;border-bottom-color:var(--wp--preset--color--accent);border-bottom-width:6px;margin-bottom:var(--wp--preset--spacing--60);min-height:400px;aspect-ratio:unset;\"><span aria-hidden=\"true\" class=\"wp-block-cover__background has-background-dim-0 has-background-dim\" style=\"background-color:#FFF\"><\/span><img loading=\"lazy\" decoding=\"async\" width=\"1024\" height=\"267\" src=\"https:\/\/wefinancial.ca\/wp-content\/uploads\/2026\/03\/we-hero-boreal-forest-1920x550-1-1024x267.jpg\" class=\"wp-block-cover__image-background wp-post-image\" alt=\"\" data-object-fit=\"cover\" srcset=\"https:\/\/wefinancial.ca\/wp-content\/uploads\/2026\/03\/we-hero-boreal-forest-1920x550-1-1024x267.jpg 1024w, https:\/\/wefinancial.ca\/wp-content\/uploads\/2026\/03\/we-hero-boreal-forest-1920x550-1-300x78.jpg 300w, https:\/\/wefinancial.ca\/wp-content\/uploads\/2026\/03\/we-hero-boreal-forest-1920x550-1-768x200.jpg 768w, https:\/\/wefinancial.ca\/wp-content\/uploads\/2026\/03\/we-hero-boreal-forest-1920x550-1-1536x400.jpg 1536w, https:\/\/wefinancial.ca\/wp-content\/uploads\/2026\/03\/we-hero-boreal-forest-1920x550-1.jpg 1920w\" sizes=\"auto, (max-width: 1024px) 100vw, 1024px\" \/><div class=\"wp-block-cover__inner-container has-global-padding is-layout-constrained wp-block-cover-is-layout-constrained\">\n<div class=\"wp-block-columns alignwide is-not-stacked-on-mobile has-columns--small is-layout-flex wp-container-core-columns-is-layout-1a2ddb66 wp-block-columns-is-layout-flex\" style=\"padding-right:var(--wp--preset--spacing--30);padding-left:var(--wp--preset--spacing--30)\">\n<div class=\"wp-block-column is-vertically-aligned-center intro-mobile-column-order-1 is-layout-flow wp-block-column-is-layout-flow\" style=\"flex-basis:66.66%\">\n<p class=\"has-bg-alt-color has-text-color has-link-color has-secondary-font-family has-xxxlarge-font-size wp-elements-09d1d2125e15067f24456d2cd1397cc9\" style=\"font-style:normal;font-weight:800\">Enrichissez vos exp\u00e9riences<\/p>\n<\/div>\n\n\n\n<div class=\"wp-block-column intro-mobile-column-order-2 is-layout-flow wp-block-column-is-layout-flow\" style=\"flex-basis:33.33%\">\n<figure class=\"wp-block-image size-large has-custom-border\"><img loading=\"lazy\" decoding=\"async\" width=\"1024\" height=\"645\" src=\"https:\/\/wefinancial.ca\/wp-content\/uploads\/2026\/03\/We-Financial-Prepaid-Mastercard-1024x645.png\" alt=\"Example WeFinancial Mastercard\" class=\"wp-image-58\" style=\"border-top-left-radius:15px;border-top-right-radius:15px;border-bottom-left-radius:15px;border-bottom-right-radius:15px;box-shadow:var(--wp--preset--shadow--shadow-1)\" srcset=\"https:\/\/wefinancial.ca\/wp-content\/uploads\/2026\/03\/We-Financial-Prepaid-Mastercard-1024x645.png 1024w, https:\/\/wefinancial.ca\/wp-content\/uploads\/2026\/03\/We-Financial-Prepaid-Mastercard-300x189.png 300w, https:\/\/wefinancial.ca\/wp-content\/uploads\/2026\/03\/We-Financial-Prepaid-Mastercard-768x484.png 768w, https:\/\/wefinancial.ca\/wp-content\/uploads\/2026\/03\/We-Financial-Prepaid-Mastercard.png 1280w\" sizes=\"auto, (max-width: 1024px) 100vw, 1024px\" \/><\/figure>\n<\/div>\n<\/div>\n<\/div><\/div>\n\n\n\n\n\n\n\n\n\n\n\n\n\n\n\n\n\n\n\n\n\n\n\n\n\n\n\n\n\n\n\n\n\n\n\n\n\n\n\n\n\n\n\n\n\n\n\n\n\n\n\n\n\n\n\n\n\n\n\n\n\n\n\n\n\n\n\n\n\n\n\n\n\n\n\n\n\n\n\n\n\n\n\n\n\n\n\n\n\n\n\n\n\n\n\n\n\n\n\n\n\n\n\n\n\n\n\n\n\n\n\n\n\n\n\n\n\n\n\n\n\n\n\n\n\n\n\n\n\n\n\n\n\n\n\n\n\n\n\n\n\n\n\n\n\n\n\n\n\n\n\n\n\n\n\n\n\n\n\n\n\n\n\n\n\n\n\n\n\n\n\n\n\n\n\n\n\n\n\n\n\n\n\n\n\n\n\n\n\n\n\n\n\n\n\n\n\n\n\n\n\n\n\n\n\n\n\n\n\n\n\n\n<h1 class=\"wp-block-heading has-feature-fg-color has-text-color has-link-color wp-elements-a3bce9ece13822eaa07662492fd7b4be\">Inscrivez-vous au d\u00e9p\u00f4t direct de l\u2019ARC sur votre carte.<\/h1>\n\n\n\n<h2 class=\"wp-block-heading has-feature-fg-color has-text-color has-link-color wp-elements-61239fec4319d47ff47ad44320cb510c\">Paiements des prestations de l\u2019ARC\u00a0:<\/h2>\n\n\n\n<p class=\"\"><strong>We Financial<\/strong> s\u2019engage \u00e0 assurer la s\u00e9curit\u00e9 de nos employ\u00e9s, de nos clients et vos collectivit\u00e9s&nbsp;; et \u00e0 vous soutenir le plus possible pendant cette p\u00e9riode.<\/p>\n\n\n\n<p class=\"\">\u00cates-vous admissible \u00e0 des paiements de prestations de l\u2019ARC&nbsp;? Inscrivez-vous au d\u00e9p\u00f4t direct de l\u2019ARC sur votre carte pr\u00e9pay\u00e9e Visa We Financial pour recevoir vos paiements plus rapidement, plus facilement et en toute s\u00e9curit\u00e9 ! Finie l\u2019attente de ch\u00e8que par la poste!<\/p>\n\n\n\n<p class=\"\">Visitez n\u2019importe quelle location We Financial pour vous inscrire au d\u00e9p\u00f4t direct de l\u2019ARC d\u00e8s aujourd\u2019hui!<\/p>\n\n\n\n<p class=\"has-fg-alt-color has-text-color has-link-color has-medium-font-size wp-elements-69585898841cdc9c059a1285039fef11\">OUVREZ UNE SESSION dans votre compte ou si vous \u00eates un nouveau client, ACTIVEZ VOTRE CARTE.<\/p>\n\n\n\n<div class=\"wp-block-buttons is-layout-flex wp-block-buttons-is-layout-flex\">\n<div class=\"wp-block-button\"><a class=\"wp-block-button__link wp-element-button\" href=\"https:\/\/wefinancial.ca\/fr\/mastercard\/\">ACCUEIL \u00bb<\/a><\/div>\n<\/div>\n\n\n\n<p class=\"\"><\/p>\n","protected":false},"excerpt":{"rendered":"<p>Inscrivez-vous au d\u00e9p\u00f4t direct de l\u2019ARC sur votre carte. Paiements des prestations de l\u2019ARC\u00a0: We Financial s\u2019engage \u00e0 assurer la s\u00e9curit\u00e9 de nos employ\u00e9s, de nos clients et vos collectivit\u00e9s&nbsp;; et \u00e0 vous soutenir le plus possible pendant cette p\u00e9riode. \u00cates-vous admissible \u00e0 des paiements de prestations de l\u2019ARC&nbsp;? Inscrivez-vous au d\u00e9p\u00f4t direct de l\u2019ARC [&hellip;]<\/p>\n","protected":false},"author":1,"featured_media":841,"parent":832,"menu_order":0,"comment_status":"closed","ping_status":"closed","template":"","meta":{"footnotes":""},"class_list":["post-840","page","type-page","status-publish","has-post-thumbnail","hentry"],"_links":{"self":[{"href":"https:\/\/wefinancial.ca\/fr\/wp-json\/wp\/v2\/pages\/840","targetHints":{"allow":["GET"]}}],"collection":[{"href":"https:\/\/wefinancial.ca\/fr\/wp-json\/wp\/v2\/pages"}],"about":[{"href":"https:\/\/wefinancial.ca\/fr\/wp-json\/wp\/v2\/types\/page"}],"author":[{"embeddable":true,"href":"https:\/\/wefinancial.ca\/fr\/wp-json\/wp\/v2\/users\/1"}],"replies":[{"embeddable":true,"href":"https:\/\/wefinancial.ca\/fr\/wp-json\/wp\/v2\/comments?post=840"}],"version-history":[{"count":4,"href":"https:\/\/wefinancial.ca\/fr\/wp-json\/wp\/v2\/pages\/840\/revisions"}],"predecessor-version":[{"id":1198,"href":"https:\/\/wefinancial.ca\/fr\/wp-json\/wp\/v2\/pages\/840\/revisions\/1198"}],"up":[{"embeddable":true,"href":"https:\/\/wefinancial.ca\/fr\/wp-json\/wp\/v2\/pages\/832"}],"wp:featuredmedia":[{"embeddable":true,"href":"https:\/\/wefinancial.ca\/fr\/wp-json\/wp\/v2\/media\/841"}],"wp:attachment":[{"href":"https:\/\/wefinancial.ca\/fr\/wp-json\/wp\/v2\/media?parent=840"}],"curies":[{"name":"wp","href":"https:\/\/api.w.org\/{rel}","templated":true}]}}