{"id":864,"date":"2026-03-16T16:35:17","date_gmt":"2026-03-16T16:35:17","guid":{"rendered":"https:\/\/wefinancial.ca\/mastercard\/paydirect\/"},"modified":"2026-04-08T20:17:16","modified_gmt":"2026-04-08T20:17:16","slug":"depot-direct","status":"publish","type":"page","link":"https:\/\/wefinancial.ca\/fr\/mastercard\/depot-direct\/","title":{"rendered":"D\u00e9p\u00f4t Direct"},"content":{"rendered":"\n<div class=\"intro-ps-header-image-and-tagline wp-block-cover alignfull is-light\" style=\"border-top-color:var(--wp--preset--color--fg-alt);border-top-width:5px;border-bottom-color:var(--wp--preset--color--accent);border-bottom-width:6px;margin-bottom:var(--wp--preset--spacing--60);min-height:400px;aspect-ratio:unset;\"><span aria-hidden=\"true\" class=\"wp-block-cover__background has-background-dim-0 has-background-dim\" style=\"background-color:#FFF\"><\/span><img loading=\"lazy\" decoding=\"async\" width=\"1024\" height=\"267\" src=\"https:\/\/wefinancial.ca\/wp-content\/uploads\/2026\/03\/we-hero-boreal-forest-1920x550-1-1024x267.jpg\" class=\"wp-block-cover__image-background wp-post-image\" alt=\"\" data-object-fit=\"cover\" srcset=\"https:\/\/wefinancial.ca\/wp-content\/uploads\/2026\/03\/we-hero-boreal-forest-1920x550-1-1024x267.jpg 1024w, https:\/\/wefinancial.ca\/wp-content\/uploads\/2026\/03\/we-hero-boreal-forest-1920x550-1-300x78.jpg 300w, https:\/\/wefinancial.ca\/wp-content\/uploads\/2026\/03\/we-hero-boreal-forest-1920x550-1-768x200.jpg 768w, https:\/\/wefinancial.ca\/wp-content\/uploads\/2026\/03\/we-hero-boreal-forest-1920x550-1-1536x400.jpg 1536w, https:\/\/wefinancial.ca\/wp-content\/uploads\/2026\/03\/we-hero-boreal-forest-1920x550-1.jpg 1920w\" sizes=\"auto, (max-width: 1024px) 100vw, 1024px\" \/><div class=\"wp-block-cover__inner-container has-global-padding is-layout-constrained wp-block-cover-is-layout-constrained\">\n<div class=\"wp-block-columns alignwide is-not-stacked-on-mobile has-columns--small is-layout-flex wp-container-core-columns-is-layout-1a2ddb66 wp-block-columns-is-layout-flex\" style=\"padding-right:var(--wp--preset--spacing--30);padding-left:var(--wp--preset--spacing--30)\">\n<div class=\"wp-block-column is-vertically-aligned-center intro-mobile-column-order-1 is-layout-flow wp-block-column-is-layout-flow\" style=\"flex-basis:66.66%\">\n<p class=\"has-bg-alt-color has-text-color has-link-color has-secondary-font-family has-xxxlarge-font-size wp-elements-09d1d2125e15067f24456d2cd1397cc9\" style=\"font-style:normal;font-weight:800\">Enrichissez vos exp\u00e9riences<\/p>\n<\/div>\n\n\n\n<div class=\"wp-block-column intro-mobile-column-order-2 is-layout-flow wp-block-column-is-layout-flow\" style=\"flex-basis:33.33%\">\n<figure class=\"wp-block-image size-large has-custom-border\"><img loading=\"lazy\" decoding=\"async\" width=\"1024\" height=\"645\" src=\"https:\/\/wefinancial.ca\/wp-content\/uploads\/2026\/03\/We-Financial-Prepaid-Mastercard-1024x645.png\" alt=\"Example WeFinancial Mastercard\" class=\"wp-image-58\" style=\"border-top-left-radius:15px;border-top-right-radius:15px;border-bottom-left-radius:15px;border-bottom-right-radius:15px;box-shadow:var(--wp--preset--shadow--shadow-1)\" srcset=\"https:\/\/wefinancial.ca\/wp-content\/uploads\/2026\/03\/We-Financial-Prepaid-Mastercard-1024x645.png 1024w, https:\/\/wefinancial.ca\/wp-content\/uploads\/2026\/03\/We-Financial-Prepaid-Mastercard-300x189.png 300w, https:\/\/wefinancial.ca\/wp-content\/uploads\/2026\/03\/We-Financial-Prepaid-Mastercard-768x484.png 768w, https:\/\/wefinancial.ca\/wp-content\/uploads\/2026\/03\/We-Financial-Prepaid-Mastercard.png 1280w\" sizes=\"auto, (max-width: 1024px) 100vw, 1024px\" \/><\/figure>\n<\/div>\n<\/div>\n<\/div><\/div>\n\n\n\n\n\n\n\n\n\n\n\n\n\n\n\n\n\n\n\n\n\n\n\n\n\n\n\n\n\n\n\n\n\n\n\n\n\n\n\n\n\n\n\n\n\n\n\n\n\n\n\n\n\n\n\n\n\n\n\n\n\n\n\n\n\n\n\n\n\n\n\n\n\n\n\n\n\n\n\n\n\n\n\n\n\n\n\n\n\n\n\n\n\n\n\n\n\n\n\n\n\n\n\n\n\n\n\n\n\n\n\n\n\n\n\n\n\n\n\n\n\n\n\n\n\n\n\n\n\n\n\n\n\n\n\n\n\n\n\n\n\n\n\n\n\n\n\n\n\n\n\n\n\n\n\n\n\n\n\n\n\n\n\n\n\n\n\n\n\n\n\n\n\n\n\n\n\n\n\n\n\n\n\n\n\n\n\n\n\n\n\n\n\n\n\n\n\n\n\n\n\n\n\n\n\n\n\n\n\n\n\n<h1 class=\"wp-block-post-title\">D\u00e9p\u00f4t Direct<\/h1>\n\n\n<h2 class=\"wp-block-heading has-feature-fg-color has-text-color has-link-color wp-elements-022ef208255750c122f0cbb5a8df9501\">Instructions de paiements de prestations gouvernementales<\/h2>\n\n\n\n<p class=\"\">Il est facile de faire charger directement sur votre CARTE PR\u00c9PAY\u00c9E MASTERCARD WE FINANCIAL vos paiements de prestations gouvernementales \u00e0 chaque date de paiement. Parmi ces paiements de prestations, on compte les suivants : les remboursements d\u2019imp\u00f4t, les cr\u00e9dits pour TPS\/TVH et l\u2019Allocation canadienne pour enfants (ACE) ainsi que tous les paiements provinciaux et territoriaux connexes, les paiements anticip\u00e9s dans le cadre de la PFRT, tout autre remboursement d\u2019imp\u00f4t ainsi que tout autre paiement dans le cadre du R\u00e9gime de pensions du Canada (RPC) et de la S\u00e9curit\u00e9 de la vieillesse (SV).<\/p>\n\n\n\n<p class=\"\">Pour vous aider \u00e0 ajouter un paiement direct \u00e0 votre CARTE PR\u00c9PAY\u00c9E MASTERCARD WE FINANCIAL, veuillez suivre les \u00e9tapes faciles suivantes :<\/p>\n\n\n\n<ul class=\"wp-block-list\">\n<li class=\"\">Allez \u00e0 votre magasin Northern ou NorthMart local pour vous procurer un formulaire d\u2019adh\u00e9sion au service de d\u00e9p\u00f4t direct du gouvernement, ou consultez le site Web de Service Canada pour t\u00e9l\u00e9charger ce formulaire.<\/li>\n\n\n\n<li class=\"\">Remplissez votre formulaire d\u2019adh\u00e9sion au service de d\u00e9p\u00f4t direct du gouvernement, signez-le puis ramenez-le au magasin Northern ou NorthMart.<\/li>\n\n\n\n<li class=\"\">Vous pouvez \u00e9galement adh\u00e9rer au service par t\u00e9l\u00e9phone, en composant le <a href=\"tel:18009598281\">1-800-959-8281<\/a> (ACE, remboursements d\u2019imp\u00f4ts, cr\u00e9dits pour TPS\/TVH) ou le <a href=\"tel:18002779914\">1-800-277-9914<\/a> (RPC\/SV).<\/li>\n<\/ul>\n\n\n\n<h2 class=\"wp-block-heading has-feature-fg-color has-text-color has-link-color wp-elements-56486676fbb0ee7791d40d3b6cb2cf64\">Instructions de paiements de votre paie<\/h2>\n\n\n\n<p class=\"\">Il est facile pour votre employeur de verser votre paie directement dans votre compte li\u00e9 \u00e0 votre CARTE PR\u00c9PAY\u00c9E VISA WE FINANCIAL chaque date de paiement.<\/p>\n\n\n\n<p class=\"\">Pour vous aider \u00e0 ajouter un paiement direct \u00e0 votre CARTE PR\u00c9PAY\u00c9E MASTERCARD WE FINANCIAL, veuillez suivre les \u00e9tapes suivantes :<\/p>\n\n\n\n<ul class=\"wp-block-list\">\n<li class=\"\">Veuillez imprimer le formulaire suivant et le remplir. Il fournira \u00e0 votre employeur tous les renseignements n\u00e9cessaires relatifs \u00e0 votre compte pour qu\u2019il puisse vous ajouter \u00e0 son programme de d\u00e9p\u00f4t direct de votre paie.<\/li>\n\n\n\n<li class=\"\">Votre employeur pourrait vous demander de remplir son formulaire d\u2019adh\u00e9sion au service de d\u00e9p\u00f4t direct.<\/li>\n\n\n\n<li class=\"\">Remettez le formulaire rempli \u00e0 votre employeur.<\/li>\n<\/ul>\n\n\n\n<p class=\"\">Profitez des avantages li\u00e9s \u00e0 la CARTE PR\u00c9PAY\u00c9E MASTERCARD WE FINANCIAL.<\/p>\n\n\n\n<p class=\"has-fg-alt-color has-text-color has-link-color has-medium-font-size wp-elements-1635d9d90a4902f0dbff9249bf7c41cd\" style=\"font-style:normal;font-weight:700\">OUVREZ UNE SESSION dans votre compte ou si vous \u00eates un nouveau client, ACTIVEZ VOTRE CARTE<\/p>\n\n\n\n<div class=\"wp-block-buttons is-layout-flex wp-block-buttons-is-layout-flex\">\n<div class=\"wp-block-button\"><a class=\"wp-block-button__link wp-element-button\" href=\"https:\/\/wefinancial.ca\/fr\/mastercard\/\">Accueil<\/a><\/div>\n<\/div>\n\n\n\n<p class=\"\"><\/p>\n","protected":false},"excerpt":{"rendered":"<p>Instructions de paiements de prestations gouvernementales Il est facile de faire charger directement sur votre CARTE PR\u00c9PAY\u00c9E MASTERCARD WE FINANCIAL vos paiements de prestations gouvernementales \u00e0 chaque date de paiement. Parmi ces paiements de prestations, on compte les suivants : les remboursements d\u2019imp\u00f4t, les cr\u00e9dits pour TPS\/TVH et l\u2019Allocation canadienne pour enfants (ACE) ainsi que [&hellip;]<\/p>\n","protected":false},"author":1,"featured_media":841,"parent":832,"menu_order":0,"comment_status":"closed","ping_status":"closed","template":"","meta":{"footnotes":""},"class_list":["post-864","page","type-page","status-publish","has-post-thumbnail","hentry"],"_links":{"self":[{"href":"https:\/\/wefinancial.ca\/fr\/wp-json\/wp\/v2\/pages\/864","targetHints":{"allow":["GET"]}}],"collection":[{"href":"https:\/\/wefinancial.ca\/fr\/wp-json\/wp\/v2\/pages"}],"about":[{"href":"https:\/\/wefinancial.ca\/fr\/wp-json\/wp\/v2\/types\/page"}],"author":[{"embeddable":true,"href":"https:\/\/wefinancial.ca\/fr\/wp-json\/wp\/v2\/users\/1"}],"replies":[{"embeddable":true,"href":"https:\/\/wefinancial.ca\/fr\/wp-json\/wp\/v2\/comments?post=864"}],"version-history":[{"count":4,"href":"https:\/\/wefinancial.ca\/fr\/wp-json\/wp\/v2\/pages\/864\/revisions"}],"predecessor-version":[{"id":1178,"href":"https:\/\/wefinancial.ca\/fr\/wp-json\/wp\/v2\/pages\/864\/revisions\/1178"}],"up":[{"embeddable":true,"href":"https:\/\/wefinancial.ca\/fr\/wp-json\/wp\/v2\/pages\/832"}],"wp:featuredmedia":[{"embeddable":true,"href":"https:\/\/wefinancial.ca\/fr\/wp-json\/wp\/v2\/media\/841"}],"wp:attachment":[{"href":"https:\/\/wefinancial.ca\/fr\/wp-json\/wp\/v2\/media?parent=864"}],"curies":[{"name":"wp","href":"https:\/\/api.w.org\/{rel}","templated":true}]}}