{"id":889,"date":"2026-03-11T15:28:20","date_gmt":"2026-03-11T15:28:20","guid":{"rendered":"https:\/\/wefinancial.ca\/mastercard\/faq\/mobile-wallet\/"},"modified":"2026-04-08T15:33:57","modified_gmt":"2026-04-08T15:33:57","slug":"mobile-wallet","status":"publish","type":"page","link":"https:\/\/wefinancial.ca\/fr\/mastercard\/faq\/mobile-wallet\/","title":{"rendered":"FAQ &#8211; Portefeuille mobile"},"content":{"rendered":"\n<div class=\"intro-ps-header-image-and-tagline wp-block-cover alignfull is-light\" style=\"border-top-color:var(--wp--preset--color--fg-alt);border-top-width:5px;border-bottom-color:var(--wp--preset--color--accent);border-bottom-width:6px;margin-bottom:var(--wp--preset--spacing--60);min-height:400px;aspect-ratio:unset;\"><span aria-hidden=\"true\" class=\"wp-block-cover__background has-background-dim-0 has-background-dim\" style=\"background-color:#FFF\"><\/span><img loading=\"lazy\" decoding=\"async\" width=\"1024\" height=\"267\" src=\"https:\/\/wefinancial.ca\/wp-content\/uploads\/2026\/03\/we-hero-east-coast-1920x550-1-1024x267.jpg\" class=\"wp-block-cover__image-background wp-post-image\" alt=\"\" data-object-fit=\"cover\" srcset=\"https:\/\/wefinancial.ca\/wp-content\/uploads\/2026\/03\/we-hero-east-coast-1920x550-1-1024x267.jpg 1024w, https:\/\/wefinancial.ca\/wp-content\/uploads\/2026\/03\/we-hero-east-coast-1920x550-1-300x78.jpg 300w, https:\/\/wefinancial.ca\/wp-content\/uploads\/2026\/03\/we-hero-east-coast-1920x550-1-768x200.jpg 768w, https:\/\/wefinancial.ca\/wp-content\/uploads\/2026\/03\/we-hero-east-coast-1920x550-1-1536x400.jpg 1536w, https:\/\/wefinancial.ca\/wp-content\/uploads\/2026\/03\/we-hero-east-coast-1920x550-1.jpg 1920w\" sizes=\"auto, (max-width: 1024px) 100vw, 1024px\" \/><div class=\"wp-block-cover__inner-container has-global-padding is-layout-constrained wp-block-cover-is-layout-constrained\">\n<div class=\"wp-block-columns alignwide is-not-stacked-on-mobile has-columns--small is-layout-flex wp-container-core-columns-is-layout-1a2ddb66 wp-block-columns-is-layout-flex\" style=\"padding-right:var(--wp--preset--spacing--30);padding-left:var(--wp--preset--spacing--30)\">\n<div class=\"wp-block-column is-vertically-aligned-center intro-mobile-column-order-1 is-layout-flow wp-block-column-is-layout-flow\" style=\"flex-basis:66.66%\">\n<p class=\"has-bg-alt-color has-text-color has-link-color has-secondary-font-family has-xxxlarge-font-size wp-elements-09d1d2125e15067f24456d2cd1397cc9\" style=\"font-style:normal;font-weight:800\">Explorer davantage<\/p>\n<\/div>\n\n\n\n<div class=\"wp-block-column intro-mobile-column-order-2 is-layout-flow wp-block-column-is-layout-flow\" style=\"flex-basis:33.33%\">\n<figure class=\"wp-block-image size-large has-custom-border\"><img loading=\"lazy\" decoding=\"async\" width=\"1024\" height=\"645\" src=\"https:\/\/wefinancial.ca\/wp-content\/uploads\/2026\/03\/We-Financial-Prepaid-Mastercard-1024x645.png\" alt=\"Example WeFinancial Mastercard\" class=\"wp-image-58\" style=\"border-top-left-radius:15px;border-top-right-radius:15px;border-bottom-left-radius:15px;border-bottom-right-radius:15px;box-shadow:var(--wp--preset--shadow--shadow-1)\" srcset=\"https:\/\/wefinancial.ca\/wp-content\/uploads\/2026\/03\/We-Financial-Prepaid-Mastercard-1024x645.png 1024w, https:\/\/wefinancial.ca\/wp-content\/uploads\/2026\/03\/We-Financial-Prepaid-Mastercard-300x189.png 300w, https:\/\/wefinancial.ca\/wp-content\/uploads\/2026\/03\/We-Financial-Prepaid-Mastercard-768x484.png 768w, https:\/\/wefinancial.ca\/wp-content\/uploads\/2026\/03\/We-Financial-Prepaid-Mastercard.png 1280w\" sizes=\"auto, (max-width: 1024px) 100vw, 1024px\" \/><\/figure>\n<\/div>\n<\/div>\n<\/div><\/div>\n\n\n\n\n\n\n\n\n\n\n\n\n\n\n\n\n\n\n\n\n\n\n\n\n\n\n\n\n\n\n\n\n\n\n\n\n\n\n\n\n\n\n\n\n\n\n\n\n\n\n\n\n\n\n\n\n\n\n\n\n\n\n\n\n\n\n\n\n\n\n\n\n\n\n\n\n\n\n\n\n\n\n\n\n\n\n\n\n\n\n\n\n\n\n\n\n\n\n\n\n\n\n\n\n\n\n\n\n\n\n\n\n\n\n\n\n\n\n\n\n\n\n\n\n\n\n\n\n\n\n\n\n\n\n\n\n\n\n\n\n\n\n\n\n\n\n\n\n\n\n\n\n\n\n\n\n\n\n\n\n\n\n\n\n\n\n\n\n\n\n\n\n\n\n\n\n\n\n\n\n\n\n\n\n\n\n\n\n\n\n\n\n\n\n\n\n\n\n\n\n\n\n\n\n\n\n\n\n\n\n\n\n<div class=\"intro-ps-faq-intro-french wp-block-group alignwide has-global-padding is-layout-constrained wp-container-core-group-is-layout-5a30f31b wp-block-group-is-layout-constrained\">\n<div class=\"wp-block-group is-nowrap is-layout-flex wp-container-core-group-is-layout-7ce07128 wp-block-group-is-layout-flex\">\n<h1 class=\"wp-block-heading\">FAQs<\/h1>\n\n\n\n<p class=\"has-fg-alt-color has-text-color has-link-color has-secondary-font-family has-large-font-size wp-elements-518d903070c9a82876e7f42fefb33974\" style=\"font-style:italic;font-weight:400\">(Foire aux questions)<\/p>\n<\/div>\n\n\n<nav class=\"has-text-color has-fg-alt-color has-medium-font-size is-responsive items-justified-center alignwide wp-block-navigation is-content-justification-center is-layout-flex wp-container-core-navigation-is-layout-a89b3969 wp-block-navigation-is-layout-flex\" aria-label=\"FAQ menu FR\" \n\t\t data-wp-interactive=\"core\/navigation\" data-wp-context='{\"overlayOpenedBy\":{\"click\":false,\"hover\":false,\"focus\":false},\"type\":\"overlay\",\"roleAttribute\":\"\",\"ariaLabel\":\"Menu\"}'><button aria-haspopup=\"dialog\" aria-label=\"Ouvrir le menu\" class=\"wp-block-navigation__responsive-container-open\" \n\t\t\t\tdata-wp-on--click=\"actions.openMenuOnClick\"\n\t\t\t\tdata-wp-on--keydown=\"actions.handleMenuKeydown\"\n\t\t\t><svg width=\"24\" height=\"24\" xmlns=\"http:\/\/www.w3.org\/2000\/svg\" viewBox=\"0 0 24 24\" aria-hidden=\"true\" focusable=\"false\"><path d=\"M4 7.5h16v1.5H4z\"><\/path><path d=\"M4 15h16v1.5H4z\"><\/path><\/svg><\/button>\n\t\t\t\t<div class=\"wp-block-navigation__responsive-container\"  id=\"modal-1\" \n\t\t\t\tdata-wp-class--has-modal-open=\"state.isMenuOpen\"\n\t\t\t\tdata-wp-class--is-menu-open=\"state.isMenuOpen\"\n\t\t\t\tdata-wp-watch=\"callbacks.initMenu\"\n\t\t\t\tdata-wp-on--keydown=\"actions.handleMenuKeydown\"\n\t\t\t\tdata-wp-on--focusout=\"actions.handleMenuFocusout\"\n\t\t\t\ttabindex=\"-1\"\n\t\t\t>\n\t\t\t\t\t<div class=\"wp-block-navigation__responsive-close\" tabindex=\"-1\">\n\t\t\t\t\t\t<div class=\"wp-block-navigation__responsive-dialog\" \n\t\t\t\tdata-wp-bind--aria-modal=\"state.ariaModal\"\n\t\t\t\tdata-wp-bind--aria-label=\"state.ariaLabel\"\n\t\t\t\tdata-wp-bind--role=\"state.roleAttribute\"\n\t\t\t>\n\t\t\t\t\t\t\t<button aria-label=\"Fermer le menu\" class=\"wp-block-navigation__responsive-container-close\" \n\t\t\t\tdata-wp-on--click=\"actions.closeMenuOnClick\"\n\t\t\t><svg xmlns=\"http:\/\/www.w3.org\/2000\/svg\" viewBox=\"0 0 24 24\" width=\"24\" height=\"24\" aria-hidden=\"true\" focusable=\"false\"><path d=\"m13.06 12 6.47-6.47-1.06-1.06L12 10.94 5.53 4.47 4.47 5.53 10.94 12l-6.47 6.47 1.06 1.06L12 13.06l6.47 6.47 1.06-1.06L13.06 12Z\"><\/path><\/svg><\/button>\n\t\t\t\t\t\t\t<div class=\"wp-block-navigation__responsive-container-content\" \n\t\t\t\tdata-wp-watch=\"callbacks.focusFirstElement\"\n\t\t\t id=\"modal-1-content\">\n\t\t\t\t\t\t\t\t<ul class=\"wp-block-navigation__container has-text-color has-fg-alt-color has-medium-font-size is-responsive items-justified-center alignwide wp-block-navigation has-medium-font-size\"><li class=\"has-medium-font-size wp-block-navigation-item wp-block-navigation-link\"><a class=\"wp-block-navigation-item__content\"  href=\"https:\/\/wefinancial.ca\/fr\/mastercard\/faq\/\"><span class=\"wp-block-navigation-item__label\">Carte Mastercard pr\u00e9pay\u00e9e We Financial <\/span><\/a><\/li><li class=\"has-medium-font-size wp-block-navigation-item wp-block-navigation-link\"><a class=\"wp-block-navigation-item__content\"  href=\"https:\/\/wefinancial.ca\/fr\/mastercard\/faq\/wego-appli-mobile\/\"><span class=\"wp-block-navigation-item__label\">Appli mobile WeGo<\/span><\/a><\/li><li class=\"has-medium-font-size wp-block-navigation-item wp-block-navigation-link\"><a class=\"wp-block-navigation-item__content\"  href=\"https:\/\/wefinancial.ca\/fr\/mastercard\/faq\/mobile-wallet\/\"><span class=\"wp-block-navigation-item__label\">Portefeuille mobile<\/span><\/a><\/li><li class=\"has-medium-font-size wp-block-navigation-item wp-block-navigation-link\"><a class=\"wp-block-navigation-item__content\"  href=\"https:\/\/wefinancial.ca\/fr\/mastercard\/faq\/sadc\/\"><span class=\"wp-block-navigation-item__label\">SADC<\/span><\/a><\/li><\/ul>\n\t\t\t\t\t\t\t<\/div>\n\t\t\t\t\t\t<\/div>\n\t\t\t\t\t<\/div>\n\t\t\t\t<\/div><\/nav>\n\n\n<p class=\"\">Nous sommes l\u00e0 pour vous simplifier la vie, \u00e0 vous et \u00e0 votre famille. Cette page de FAQ est organis\u00e9e par sujet, incluant la carte Mastercard\u00ae pr\u00e9pay\u00e9e We Financial, l&rsquo;application mobile et le portefeuille num\u00e9rique WeGo\u00ae, ainsi que la SADC. Il suffit de s\u00e9lectionner le domaine sur lequel vous avez des questions pour acc\u00e9der aux bonnes r\u00e9ponses. Si vous ne trouvez pas ce que vous cherchez, n&rsquo;h\u00e9sitez pas \u00e0 nous contacter et nous serons heureux de vous aider au mieux de nos capacit\u00e9s.<\/p>\n\n\n\n<h2 class=\"wp-block-heading\" style=\"margin-top:var(--wp--preset--spacing--50);margin-bottom:var(--wp--preset--spacing--50)\">Portefeuille mobile<\/h2>\n<\/div>\n\n\n\n\n\n\n\n\n\n\n\n\n\n\n\n\n\n\n\n\n\n\n\n\n\n\n\n\n\n\n\n\n\n\n\n\n\n\n\n\n\n\n\n\n\n\n\n\n<details class=\"wp-block-details is-layout-flow wp-block-details-is-layout-flow\"><summary>Puis-je ajouter ma carte \u00e0 mon portefeuille mobile?<\/summary>\n<p class=\"\">Oui! Vous pouvez ajouter votre carte Mastercard pr\u00e9pay\u00e9e We Financial \u00e0 votre portefeuille mobile tel que Apple, Samsung ou Google Pay. Ce service est conditionnel \u00e0 l\u2019acceptation des conditions d\u2019utilisation de Compagnie de Fiducie Peoples relativement aux services de paiement mobile lorsque vous ajoutez votre carte au portefeuille.<\/p>\n<\/details>\n\n\n\n<details class=\"wp-block-details is-layout-flow wp-block-details-is-layout-flow\"><summary>Si j\u2019obtiens une nouvelle carte, dois-je mettre la carte \u00e0 jour dans mon portefeuille mobile?<\/summary>\n<p class=\"\">Oui! Lorsque vous aurez activ\u00e9 votre carte \u00e0 l\u2019aide de l\u2019application WeGo, vous devrez ensuite l\u2019ajouter \u00e0 votre portefeuille mobile. L\u2019ancienne carte sera d\u00e9sactiv\u00e9e.<\/p>\n<\/details>\n\n\n\n<details class=\"wp-block-details is-layout-flow wp-block-details-is-layout-flow\"><summary>Qu\u2019est-ce que l\u2019authentification renforc\u00e9e?<\/summary>\n<p class=\"\">Pour ajouter une carte \u00e0 votre portefeuille mobile, vous devez vous soumettre au processus d\u2019authentification renforc\u00e9e en entrant un code \u00e0 usage unique ou en appelant le service \u00e0 la client\u00e8le. Un code \u00e0 usage unique vous sera transmis \u00e0 l\u2019adresse courriel indiqu\u00e9e dans nos dossiers. Il vous suffit de saisir le code avant son expiration. Si vous n\u2019avez pas d\u2019adresse courriel indiqu\u00e9e dans nos dossiers, vous pouvez appeler au num\u00e9ro de t\u00e9l\u00e9phone du service \u00e0 la client\u00e8le qui vous a \u00e9t\u00e9 fourni au moment de l\u2019authentification.<\/p>\n<\/details>\n\n\n\n<details class=\"wp-block-details is-layout-flow wp-block-details-is-layout-flow\"><summary>Que faire si j\u2019ai de la difficult\u00e9 \u00e0 t\u00e9l\u00e9charger l\u2019application mobile ou \u00e0 ajouter ma carte \u00e0 mon portefeuille mobile?<\/summary>\n<p class=\"\">Si vous avez d\u2019autres questions apr\u00e8s avoir lu la FAQ, veuillez communiquer avec notre service aux titulaires de carte Mastercard pr\u00e9pay\u00e9e We Financial au 1-855-876-1976.<\/p>\n<\/details>\n\n\n\n<details class=\"wp-block-details is-layout-flow wp-block-details-is-layout-flow\"><summary>Que faire si j\u2019ai obtenu une nouvelle carte plastique ou une carte de remplacement plastique?<\/summary>\n<p class=\"\">Pour toute nouvelle carte ou carte de remplacement, vous devrez suivre les \u00e9tapes suivantes&nbsp;:<br><br>aller de nouveau dans les r\u00e9glages initiaux de Apple Pay et de Samsung Pay;<br><br>supprimer l\u2019ancienne carte et ajouter la nouvelle carte \u00e0 Google Pay.<\/p>\n<\/details>\n\n\n\n<details class=\"wp-block-details is-layout-flow wp-block-details-is-layout-flow\"><summary>Pourquoi ne re\u00e7ois-je pas de notifications pouss\u00e9es?<\/summary>\n<p class=\"\">V\u00e9rifiez que les param\u00e8tres\/r\u00e9glages de votre appareil sont configur\u00e9s pour accepter toutes les notifications de l\u2019application WeGo.<\/p>\n<\/details>\n\n\n\n<details class=\"wp-block-details is-layout-flow wp-block-details-is-layout-flow\"><summary>Quelle est la marche \u00e0 suivre pour activer ma carte Mastercard pr\u00e9pay\u00e9e We Financial aupr\u00e8s de Apple Pay, de Samsung Pay et de Google Pay?<\/summary>\n<p class=\"\">C\u2019est rapide et facile de commencer \u00e0 utiliser Apple Pay, Samsung Pay et Google Pay. Pour ajouter votre carte Mastercard pr\u00e9pay\u00e9e We Financial \u00e0 un portefeuille mobile, suivez les instructions sur votre appareil pour compl\u00e9ter le processus d\u2019activation. Toutefois, les \u00e9tapes suivantes sont habituellement requises pour compl\u00e9ter le processus&nbsp;:<\/p>\n\n\n\n<ol style=\"list-style-type:lower-alpha\" class=\"wp-block-list\">\n<li class=\"\">Ouvrez l\u2019application Wallet sur votre appareil mobile ou cliquez sur l\u2019ic\u00f4ne Lier une carte sur votre application mobile WeGo.<\/li>\n\n\n\n<li class=\"\">Appuyez sur le signe plus \u00ab&nbsp;+&nbsp;\u00bb dans le coin sup\u00e9rieur droit pour ajouter une nouvelle carte \u00e0 Apple Pay et Samsung Pay. Ajouter votre carte \u00e0 l\u2019onglet Cartes de Google Pay.<\/li>\n\n\n\n<li class=\"\">Ajoutez votre carte Mastercard pr\u00e9pay\u00e9e We Financial en entrant les renseignements de la carte (votre t\u00e9l\u00e9phone pourrait vous demander de prendre une photo de la carte pour ajouter automatiquement les renseignements de la carte).<\/li>\n\n\n\n<li class=\"\">Si on vous demande de confirmer votre carte, choisissez une m\u00e9thode de confirmation dans la liste et suivez les instructions.<\/li>\n<\/ol>\n\n\n\n<p class=\"\">Dans certains cas, il pourrait \u00eatre n\u00e9cessaire que vous nous appeliez pour effectuer l\u2019inscription. Si on vous demande de communiquer avec We Financial, appelez au num\u00e9ro fourni sur votre appareil pour confirmer votre carte et terminer votre inscription \u00e0 Apple Pay.<\/p>\n<\/details>\n\n\n\n<details class=\"wp-block-details is-layout-flow wp-block-details-is-layout-flow\"><summary>Puis-je ajouter ma carte Mastercard pr\u00e9pay\u00e9e We Financial sur plusieurs appareils<\/summary>\n<p class=\"\">Oui. Vous pouvez ajouter votre carte Mastercard pr\u00e9pay\u00e9e We Financial \u00e0 plusieurs portefeuilles mobiles et \u00e0 plusieurs appareils compatibles avec le portefeuille.<\/p>\n<\/details>\n\n\n\n<details class=\"wp-block-details is-layout-flow wp-block-details-is-layout-flow\"><summary>O\u00f9 puis-je utiliser mon portefeuille mobile?<\/summary>\n<p class=\"\">Vous pouvez utiliser votre portefeuille mobile chez de nombreux commer\u00e7ants. Les portefeuilles mobiles sont \u00e9galement accept\u00e9s par bon nombre d\u2019applications et de sites Web participants, selon la compatibilit\u00e9 de l\u2019appareil utilis\u00e9 (t\u00e9l\u00e9phone, ordinateur ou tablette).<\/p>\n<\/details>\n\n\n\n<details class=\"wp-block-details is-layout-flow wp-block-details-is-layout-flow\"><summary>Comment puis-je effectuer un achat avec ma carte Mastercard pr\u00e9pay\u00e9e We Financial dans un portefeuille mobile?<\/summary>\n<p class=\"\">La marche \u00e0 suivre pour effectuer un achat \u00e0 l\u2019aide d\u2019un portefeuille mobile varie en fonction de l\u2019appareil compatible que vous utilisez et du portefeuille utilis\u00e9. De fa\u00e7on g\u00e9n\u00e9rale, la marche \u00e0 suivre comprend les \u00e9tapes suivantes&nbsp;:<\/p>\n\n\n\n<p class=\"\">Pour effectuer un achat en magasin \u00e0 l\u2019aide d\u2019un terminal qui accepte votre portefeuille mobile, vous devez tenir votre appareil pr\u00e8s du terminal. Vous devrez vous authentifier avec votre empreinte digitale, la reconnaissance faciale, un code de d\u00e9verrouillage ou un NIP, selon votre appareil. Lorsque vous aurez franchi l\u2019\u00e9tape de l\u2019authentification, l\u2019op\u00e9ration ne prendra que quelques secondes et vous serez avis\u00e9 lorsqu\u2019elle sera accept\u00e9e (la notification pourrait \u00eatre un son, une image \u00e0 l\u2019\u00e9cran, une vibration sur l\u2019appareil, etc.).<\/p>\n\n\n\n<p class=\"\">Lorsque vous effectuez un achat dans une application qui offre des portefeuilles mobiles comme option de paiement, rep\u00e9rez l\u2019ic\u00f4ne du portefeuille mobile au moment du paiement. Lorsque vous aurez cliqu\u00e9 sur l\u2019ic\u00f4ne, vous aurez la possibilit\u00e9 de choisir une carte, une adresse d\u2019exp\u00e9dition et des coordonn\u00e9es. Le montant total factur\u00e9 sera \u00e9galement affich\u00e9. Si les renseignements semblent exacts et que vous souhaitez conclure l\u2019op\u00e9ration, terminez l\u2019op\u00e9ration en vous authentifiant avec votre empreinte digitale, la reconnaissance faciale, un mot de passe ou un NIP, selon la m\u00e9thode d\u2019authentification configur\u00e9e dans votre appareil.<\/p>\n<\/details>\n\n\n\n<details class=\"wp-block-details is-layout-flow wp-block-details-is-layout-flow\"><summary>Si j\u2019ai ajout\u00e9 ma carte Mastercard pr\u00e9pay\u00e9e We Financial \u00e0 un portefeuille mobile, puis-je continuer d\u2019utiliser la carte physique pour effectuer des achats?<\/summary>\n<p class=\"\">Oui. Si vous avez ajout\u00e9 votre carte Mastercard pr\u00e9pay\u00e9e We Financial \u00e0 un portefeuille mobile, vous pourrez tout de m\u00eame continuer d\u2019utiliser la carte physique. Vous devez prendre toutes les mesures raisonnables pour prot\u00e9ger votre carte (et votre NIP, s\u2019il y a lieu) contre la perte, le vol ou une utilisation non autoris\u00e9e.<\/p>\n<\/details>\n\n\n\n<details class=\"wp-block-details is-layout-flow wp-block-details-is-layout-flow\"><summary>J\u2019ai chang\u00e9 de t\u00e9l\u00e9phone. Dois-je enregistrer de nouveau ma carte Mastercard pr\u00e9pay\u00e9e We Financial dans mon portefeuille mobile?<\/summary>\n<p class=\"\">Oui. Si vous changez d\u2019appareil, ajoutez votre carte \u00e0 votre portefeuille mobile en suivant les m\u00eames \u00e9tapes que pour la configuration initiale.<\/p>\n<\/details>\n\n\n\n<details class=\"wp-block-details is-layout-flow wp-block-details-is-layout-flow\"><summary>Si ma carte est d\u00e9clar\u00e9e vol\u00e9e ou perdue, puis-je continuer d\u2019utiliser mon portefeuille mobile pour effectuer des achats en utilisant ma carte Mastercard pr\u00e9pay\u00e9e We Financial?<\/summary>\n<p class=\"\">Non. Si votre carte Mastercard pr\u00e9pay\u00e9e We Financial est annul\u00e9e, elle ne pourra pas \u00eatre utilis\u00e9e pour effectuer des achats avec votre portefeuille mobile. Lorsque vous aurez re\u00e7u votre carte de remplacement, ajoutez-la \u00e0 votre portefeuille mobile en suivant les m\u00eames \u00e9tapes que pour la configuration initiale.<\/p>\n<\/details>\n\n\n\n<details class=\"wp-block-details is-layout-flow wp-block-details-is-layout-flow\"><summary>Si j\u2019ai perdu mon appareil, puis-je continuer d\u2019utiliser ma carte Mastercard pr\u00e9pay\u00e9e We Financial physique pour effectuer des achats?<\/summary>\n<p class=\"\">Si vous perdez votre appareil, vous devez communiquer avec votre fournisseur de services afin de suspendre le service pour cet appareil. Vous pourrez toujours faire des paiements en utilisant votre carte Mastercard pr\u00e9pay\u00e9e We Financial physique. Si vous souhaitez annuler votre carte et demander une carte de remplacement, veuillez communiquer avec nous au <a href=\"tel:18558761976\">1-855-876-1976<\/a>.<\/p>\n<\/details>\n\n\n\n<div class=\"wp-block-group has-global-padding is-layout-constrained wp-block-group-is-layout-constrained\">\n<div style=\"height:19px\" aria-hidden=\"true\" class=\"wp-block-spacer\"><\/div>\n\n\n\n<p class=\"\"><em>Cette carte est \u00e9mise par la Compagnie de Fiducie Peoples sous licence de Mastercard International Incorporated.<\/em><em>Mastercard est une marque d\u00e9pos\u00e9e, et le dessin form\u00e9 de deux cercles imbriqu\u00e9s est une marque de commerce de Mastercard International Incorporated.<\/em><\/p>\n\n\n\n<p class=\"\"><em>Les fonds vers\u00e9s sur la carte sont d\u00e9tenus par l\u2019\u00e9metteur, \u00e0 savoir Compagnie de Fiducie Peoples, institution membre de la SADC, et sont admissibles \u00e0 la couverture offerte par la SADC.<\/em><\/p>\n\n\n\n<p class=\"\"><em>We Financial n\u2019est pas une institution membre de la SADC.<\/em><\/p>\n\n\n\n<p class=\"\"><em>Les fonds vers\u00e9s sur la carte sont combin\u00e9s aux d\u00e9p\u00f4ts admissibles d\u00e9tenus par Compagnie de Fiducie Peoples pour une protection des d\u00e9p\u00f4ts maximale de 100&nbsp;000&nbsp;$, par cat\u00e9gorie assur\u00e9e, par d\u00e9posant.<\/em><\/p>\n\n\n\n<p class=\"\"><em>Pour en savoir plus sur l\u2019assurance-d\u00e9p\u00f4ts, veuillez consulter le site Web de la SADC \u00e0 sadc.ca.<\/em><\/p>\n\n\n\n<p class=\"\"><em>Virement Interac<sup>MD<\/sup>&nbsp;: marque de commerce de Interac Corp., utilis\u00e9e sous licence.<\/em><\/p>\n\n\n\n<p class=\"\"><em>Apple, le logo Apple, Apple Pay, Touch ID, Face ID, iPad, Apple Watch et iPhone sont des marques de commerce de Apple&nbsp;Inc., d\u00e9pos\u00e9es aux \u00c9tats-Unis et dans d\u2019autres pays. Google Play est une marque de commerce de Google LLC.<\/em> <em>Samsung Pay est une marque d\u00e9pos\u00e9e de Samsung Electronics Co. Ltd.<\/em><\/p>\n\n\n\n<p class=\"\"><em>We Financial<sup>MD<\/sup> et WeGo<sup>MD<\/sup> sont des marques de commerce de The North West Company LP.<\/em><\/p>\n<\/div>\n\n\n\n\n\n\n\n\n\n\n\n\n\n\n\n\n\n\n\n\n\n\n\n\n\n\n\n\n\n\n\n\n\n\n\n\n\n\n\n\n\n\n\n\n\n\n\n\n\n\n\n\n\n\n\n\n\n\n\n\n","protected":false},"excerpt":{"rendered":"","protected":false},"author":1,"featured_media":867,"parent":866,"menu_order":0,"comment_status":"closed","ping_status":"closed","template":"","meta":{"footnotes":""},"class_list":["post-889","page","type-page","status-publish","has-post-thumbnail","hentry"],"_links":{"self":[{"href":"https:\/\/wefinancial.ca\/fr\/wp-json\/wp\/v2\/pages\/889","targetHints":{"allow":["GET"]}}],"collection":[{"href":"https:\/\/wefinancial.ca\/fr\/wp-json\/wp\/v2\/pages"}],"about":[{"href":"https:\/\/wefinancial.ca\/fr\/wp-json\/wp\/v2\/types\/page"}],"author":[{"embeddable":true,"href":"https:\/\/wefinancial.ca\/fr\/wp-json\/wp\/v2\/users\/1"}],"replies":[{"embeddable":true,"href":"https:\/\/wefinancial.ca\/fr\/wp-json\/wp\/v2\/comments?post=889"}],"version-history":[{"count":6,"href":"https:\/\/wefinancial.ca\/fr\/wp-json\/wp\/v2\/pages\/889\/revisions"}],"predecessor-version":[{"id":1166,"href":"https:\/\/wefinancial.ca\/fr\/wp-json\/wp\/v2\/pages\/889\/revisions\/1166"}],"up":[{"embeddable":true,"href":"https:\/\/wefinancial.ca\/fr\/wp-json\/wp\/v2\/pages\/866"}],"wp:featuredmedia":[{"embeddable":true,"href":"https:\/\/wefinancial.ca\/fr\/wp-json\/wp\/v2\/media\/867"}],"wp:attachment":[{"href":"https:\/\/wefinancial.ca\/fr\/wp-json\/wp\/v2\/media?parent=889"}],"curies":[{"name":"wp","href":"https:\/\/api.w.org\/{rel}","templated":true}]}}